{"id":21455,"date":"2020-02-04T11:40:08","date_gmt":"2020-02-04T09:40:08","guid":{"rendered":"https:\/\/ddt.lv\/lv\/product\/termostats-bezvadu-7-30c-2xaa-emos\/"},"modified":"2026-04-08T14:36:38","modified_gmt":"2026-04-08T11:36:38","slug":"termostats-bezvadu-7-30c-2xaa-emos","status":"publish","type":"product","link":"https:\/\/ddt.lv\/en\/product\/termostats-bezvadu-7-30c-2xaa-emos\/","title":{"rendered":"Wireless Thermostat T15RF"},"content":{"rendered":"<p>Digit\u0101ls\u00a0 termostats telp\u0101m, autom\u0101tiskai apkures sist\u0113mu kontrolei dz\u012bvok\u013cos, m\u0101j\u0101s un birojos. Iesp\u0113ja iestat\u012bt konkr\u0113tu grafiku. Bezvadu dizains \u0113rtai atsauces telpas mai\u0146ai.<\/p>\n","protected":false},"excerpt":{"rendered":"<p>Digit\u0101ls\u00a0 termostats telp\u0101m, autom\u0101tiskai apkures sist\u0113mu kontrolei dz\u012bvok\u013cos, m\u0101j\u0101s un birojos. Iesp\u0113ja iestat\u012bt konkr\u0113tu grafiku. Bezvadu dizains \u0113rtai atsauces telpas mai\u0146ai.<\/p>\n","protected":false},"featured_media":21467,"comment_status":"closed","ping_status":"closed","template":"","meta":{"inline_featured_image":false},"product_cat":[772,838],"product_tag":[],"yst_prominent_words":[],"class_list":{"0":"post-21455","1":"product","2":"type-product","3":"status-publish","4":"has-post-thumbnail","6":"product_cat-atlaides","7":"product_cat-termostati","9":"first","10":"outofstock","11":"sale","12":"taxable","13":"shipping-taxable","14":"purchasable","15":"product-type-simple"},"jetpack_sharing_enabled":true,"_links":{"self":[{"href":"https:\/\/ddt.lv\/en\/wp-json\/wp\/v2\/product\/21455"}],"collection":[{"href":"https:\/\/ddt.lv\/en\/wp-json\/wp\/v2\/product"}],"about":[{"href":"https:\/\/ddt.lv\/en\/wp-json\/wp\/v2\/types\/product"}],"replies":[{"embeddable":true,"href":"https:\/\/ddt.lv\/en\/wp-json\/wp\/v2\/comments?post=21455"}],"wp:featuredmedia":[{"embeddable":true,"href":"https:\/\/ddt.lv\/en\/wp-json\/wp\/v2\/media\/21467"}],"wp:attachment":[{"href":"https:\/\/ddt.lv\/en\/wp-json\/wp\/v2\/media?parent=21455"}],"wp:term":[{"taxonomy":"product_cat","embeddable":true,"href":"https:\/\/ddt.lv\/en\/wp-json\/wp\/v2\/product_cat?post=21455"},{"taxonomy":"product_tag","embeddable":true,"href":"https:\/\/ddt.lv\/en\/wp-json\/wp\/v2\/product_tag?post=21455"},{"taxonomy":"yst_prominent_words","embeddable":true,"href":"https:\/\/ddt.lv\/en\/wp-json\/wp\/v2\/yst_prominent_words?post=21455"}],"curies":[{"name":"wp","href":"https:\/\/api.w.org\/{rel}","templated":true}]}}