{"id":21273,"date":"2020-01-29T14:56:02","date_gmt":"2020-01-29T12:56:02","guid":{"rendered":"https:\/\/ddt.lv\/lv\/product\/skruvgriezis-ar-fazes-indikatoru-m0048-mini-emos\/"},"modified":"2026-04-06T10:48:15","modified_gmt":"2026-04-06T07:48:15","slug":"skruvgriezis-ar-fazes-indikatoru-m0048-mini-emos","status":"publish","type":"product","link":"https:\/\/ddt.lv\/en\/product\/skruvgriezis-ar-fazes-indikatoru-m0048-mini-emos\/","title":{"rendered":"Multitester VT-120 EMOS"},"content":{"rendered":"<p>Sprieguma testeris ar optisko sign\u0101lu. Testeris ir paredz\u0113ts 70\u2013250 V mai\u0146str\u0101vas un 0\u2013250 V tie\u0161\u0101 sprieguma p\u0101rbaudei. Testeris nosaka ar\u012b \u012bssavienojumus vai str\u0101vas avotu polarit\u0101ti. Testeri darbojas ar 2 \u00d7 LR41 baterij\u0101m (komplekt\u0101).<\/p>\n","protected":false},"excerpt":{"rendered":"<p>Sprieguma testeris ar optisko sign\u0101lu. Testeris ir paredz\u0113ts 70\u2013250 V mai\u0146str\u0101vas un 0\u2013250 V tie\u0161\u0101 sprieguma p\u0101rbaudei. Testeris nosaka ar\u012b \u012bssavienojumus vai str\u0101vas avotu polarit\u0101ti. Testeri darbojas ar 2 \u00d7 LR41 baterij\u0101m (komplekt\u0101).<\/p>\n","protected":false},"featured_media":21341,"comment_status":"closed","ping_status":"closed","template":"","meta":{"inline_featured_image":false},"product_cat":[1504],"product_tag":[],"yst_prominent_words":[],"class_list":{"0":"post-21273","1":"product","2":"type-product","3":"status-publish","4":"has-post-thumbnail","6":"product_cat-multimetri-un-testeri-merinstrumenti","8":"first","9":"instock","10":"taxable","11":"shipping-taxable","12":"purchasable","13":"product-type-simple"},"jetpack_sharing_enabled":true,"_links":{"self":[{"href":"https:\/\/ddt.lv\/en\/wp-json\/wp\/v2\/product\/21273"}],"collection":[{"href":"https:\/\/ddt.lv\/en\/wp-json\/wp\/v2\/product"}],"about":[{"href":"https:\/\/ddt.lv\/en\/wp-json\/wp\/v2\/types\/product"}],"replies":[{"embeddable":true,"href":"https:\/\/ddt.lv\/en\/wp-json\/wp\/v2\/comments?post=21273"}],"wp:featuredmedia":[{"embeddable":true,"href":"https:\/\/ddt.lv\/en\/wp-json\/wp\/v2\/media\/21341"}],"wp:attachment":[{"href":"https:\/\/ddt.lv\/en\/wp-json\/wp\/v2\/media?parent=21273"}],"wp:term":[{"taxonomy":"product_cat","embeddable":true,"href":"https:\/\/ddt.lv\/en\/wp-json\/wp\/v2\/product_cat?post=21273"},{"taxonomy":"product_tag","embeddable":true,"href":"https:\/\/ddt.lv\/en\/wp-json\/wp\/v2\/product_tag?post=21273"},{"taxonomy":"yst_prominent_words","embeddable":true,"href":"https:\/\/ddt.lv\/en\/wp-json\/wp\/v2\/yst_prominent_words?post=21273"}],"curies":[{"name":"wp","href":"https:\/\/api.w.org\/{rel}","templated":true}]}}