{"id":21209,"date":"2020-01-29T12:06:26","date_gmt":"2020-01-29T10:06:26","guid":{"rendered":"https:\/\/ddt.lv\/lv\/product\/57652-value-usb-quattro-ladejama-ierice-bl1-varta\/"},"modified":"2026-04-09T12:00:25","modified_gmt":"2026-04-09T09:00:25","slug":"57652-value-usb-quattro-ladejama-ierice-bl1-varta","status":"publish","type":"product","link":"https:\/\/ddt.lv\/en\/product\/57652-value-usb-quattro-ladejama-ierice-bl1-varta\/","title":{"rendered":"57652 Battery (Accu) charger VARTA Value USB Quattro"},"content":{"rendered":"<p>Jaunums no ra\u017eot\u0101ja Varta &#8211; akumulatoru tipa bateriju l\u0101d\u0113t\u0101js, kur\u0161 darbojas no USB baro\u0161anas!<\/p>\n","protected":false},"excerpt":{"rendered":"<p>Jaunums no ra\u017eot\u0101ja Varta &#8211; akumulatoru tipa bateriju l\u0101d\u0113t\u0101js, kur\u0161 darbojas no USB baro\u0161anas!<\/p>\n","protected":false},"featured_media":21291,"comment_status":"closed","ping_status":"closed","template":"","meta":{"inline_featured_image":false},"product_cat":[453],"product_tag":[],"yst_prominent_words":[],"class_list":{"0":"post-21209","1":"product","2":"type-product","3":"status-publish","4":"has-post-thumbnail","6":"product_cat-ladesanas-ierices","8":"first","9":"instock","10":"taxable","11":"shipping-taxable","12":"purchasable","13":"product-type-simple"},"jetpack_sharing_enabled":true,"_links":{"self":[{"href":"https:\/\/ddt.lv\/en\/wp-json\/wp\/v2\/product\/21209"}],"collection":[{"href":"https:\/\/ddt.lv\/en\/wp-json\/wp\/v2\/product"}],"about":[{"href":"https:\/\/ddt.lv\/en\/wp-json\/wp\/v2\/types\/product"}],"replies":[{"embeddable":true,"href":"https:\/\/ddt.lv\/en\/wp-json\/wp\/v2\/comments?post=21209"}],"wp:featuredmedia":[{"embeddable":true,"href":"https:\/\/ddt.lv\/en\/wp-json\/wp\/v2\/media\/21291"}],"wp:attachment":[{"href":"https:\/\/ddt.lv\/en\/wp-json\/wp\/v2\/media?parent=21209"}],"wp:term":[{"taxonomy":"product_cat","embeddable":true,"href":"https:\/\/ddt.lv\/en\/wp-json\/wp\/v2\/product_cat?post=21209"},{"taxonomy":"product_tag","embeddable":true,"href":"https:\/\/ddt.lv\/en\/wp-json\/wp\/v2\/product_tag?post=21209"},{"taxonomy":"yst_prominent_words","embeddable":true,"href":"https:\/\/ddt.lv\/en\/wp-json\/wp\/v2\/yst_prominent_words?post=21209"}],"curies":[{"name":"wp","href":"https:\/\/api.w.org\/{rel}","templated":true}]}}