{"id":21188,"date":"2020-01-29T11:38:09","date_gmt":"2020-01-29T09:38:09","guid":{"rendered":"https:\/\/ddt.lv\/lv\/product\/virtuves-svari-digitalie-ar-trauku-5kg-zals-2xaaa-emos\/"},"modified":"2026-04-08T14:36:49","modified_gmt":"2026-04-08T11:36:49","slug":"virtuves-svari-digitalie-ar-trauku-5kg-zals-2xaaa-emos","status":"publish","type":"product","link":"https:\/\/ddt.lv\/en\/product\/virtuves-svari-digitalie-ar-trauku-5kg-zals-2xaaa-emos\/","title":{"rendered":"KITCHEN SCALE GREEN\/WHITE"},"content":{"rendered":"<p>Virtuves svari ir praktisks piederums ikvienai virtuvei. Pateicoties to stil\u012bgajam dizainam, tiem noteikti atrad\u012bsies vieta katr\u0101 virtuv\u0113!<\/p>\n","protected":false},"excerpt":{"rendered":"<p>Virtuves svari ir praktisks piederums ikvienai virtuvei. Pateicoties to stil\u012bgajam dizainam, tiem noteikti atrad\u012bsies vieta katr\u0101 virtuv\u0113!<\/p>\n","protected":false},"featured_media":21260,"comment_status":"closed","ping_status":"closed","template":"","meta":{"inline_featured_image":false},"product_cat":[793],"product_tag":[],"yst_prominent_words":[],"class_list":{"0":"post-21188","1":"product","2":"type-product","3":"status-publish","4":"has-post-thumbnail","6":"product_cat-virtuves-svari","8":"first","9":"instock","10":"taxable","11":"shipping-taxable","12":"purchasable","13":"product-type-simple"},"jetpack_sharing_enabled":true,"_links":{"self":[{"href":"https:\/\/ddt.lv\/en\/wp-json\/wp\/v2\/product\/21188"}],"collection":[{"href":"https:\/\/ddt.lv\/en\/wp-json\/wp\/v2\/product"}],"about":[{"href":"https:\/\/ddt.lv\/en\/wp-json\/wp\/v2\/types\/product"}],"replies":[{"embeddable":true,"href":"https:\/\/ddt.lv\/en\/wp-json\/wp\/v2\/comments?post=21188"}],"wp:featuredmedia":[{"embeddable":true,"href":"https:\/\/ddt.lv\/en\/wp-json\/wp\/v2\/media\/21260"}],"wp:attachment":[{"href":"https:\/\/ddt.lv\/en\/wp-json\/wp\/v2\/media?parent=21188"}],"wp:term":[{"taxonomy":"product_cat","embeddable":true,"href":"https:\/\/ddt.lv\/en\/wp-json\/wp\/v2\/product_cat?post=21188"},{"taxonomy":"product_tag","embeddable":true,"href":"https:\/\/ddt.lv\/en\/wp-json\/wp\/v2\/product_tag?post=21188"},{"taxonomy":"yst_prominent_words","embeddable":true,"href":"https:\/\/ddt.lv\/en\/wp-json\/wp\/v2\/yst_prominent_words?post=21188"}],"curies":[{"name":"wp","href":"https:\/\/api.w.org\/{rel}","templated":true}]}}