{"id":21066,"date":"2020-01-27T14:44:07","date_gmt":"2020-01-27T12:44:07","guid":{"rendered":"https:\/\/ddt.lv\/lv\/product\/led-proz-parnes-accu-smd-dim-10w-ip54-800lm-6500k-emos\/"},"modified":"2026-04-06T10:56:07","modified_gmt":"2026-04-06T07:56:07","slug":"led-proz-parnes-accu-smd-dim-10w-ip54-800lm-6500k-emos","status":"publish","type":"product","link":"https:\/\/ddt.lv\/en\/product\/led-proz-parnes-accu-smd-dim-10w-ip54-800lm-6500k-emos\/","title":{"rendered":"LED Floodlight EMOS ACCU SMD DIM, portable 10W 800lm 6500K IP54"},"content":{"rendered":"<p>P\u0101rn\u0113s\u0101jams un dimm\u0113jams Led pro\u017eektors no ra\u017eot\u0101ja Emos.<\/p>\n","protected":false},"excerpt":{"rendered":"<p>P\u0101rn\u0113s\u0101jams un dimm\u0113jams Led pro\u017eektors no ra\u017eot\u0101ja Emos.<\/p>\n","protected":false},"featured_media":21139,"comment_status":"closed","ping_status":"closed","template":"","meta":{"inline_featured_image":false},"product_cat":[908],"product_tag":[],"yst_prominent_words":[],"class_list":{"0":"post-21066","1":"product","2":"type-product","3":"status-publish","4":"has-post-thumbnail","6":"product_cat-led-prozektori","8":"first","9":"outofstock","10":"taxable","11":"shipping-taxable","12":"purchasable","13":"product-type-simple"},"jetpack_sharing_enabled":true,"_links":{"self":[{"href":"https:\/\/ddt.lv\/en\/wp-json\/wp\/v2\/product\/21066"}],"collection":[{"href":"https:\/\/ddt.lv\/en\/wp-json\/wp\/v2\/product"}],"about":[{"href":"https:\/\/ddt.lv\/en\/wp-json\/wp\/v2\/types\/product"}],"replies":[{"embeddable":true,"href":"https:\/\/ddt.lv\/en\/wp-json\/wp\/v2\/comments?post=21066"}],"wp:featuredmedia":[{"embeddable":true,"href":"https:\/\/ddt.lv\/en\/wp-json\/wp\/v2\/media\/21139"}],"wp:attachment":[{"href":"https:\/\/ddt.lv\/en\/wp-json\/wp\/v2\/media?parent=21066"}],"wp:term":[{"taxonomy":"product_cat","embeddable":true,"href":"https:\/\/ddt.lv\/en\/wp-json\/wp\/v2\/product_cat?post=21066"},{"taxonomy":"product_tag","embeddable":true,"href":"https:\/\/ddt.lv\/en\/wp-json\/wp\/v2\/product_tag?post=21066"},{"taxonomy":"yst_prominent_words","embeddable":true,"href":"https:\/\/ddt.lv\/en\/wp-json\/wp\/v2\/yst_prominent_words?post=21066"}],"curies":[{"name":"wp","href":"https:\/\/api.w.org\/{rel}","templated":true}]}}