{"id":21064,"date":"2020-01-27T14:44:06","date_gmt":"2020-01-27T12:44:06","guid":{"rendered":"https:\/\/ddt.lv\/lv\/product\/led-prozektors-ar-sens-10w-ip54-800lm-4000k-240v-melns-emos\/"},"modified":"2026-04-08T14:32:05","modified_gmt":"2026-04-08T11:32:05","slug":"led-prozektors-ar-sens-10w-ip54-800lm-4000k-240v-melns-emos","status":"publish","type":"product","link":"https:\/\/ddt.lv\/en\/product\/led-prozektors-ar-sens-10w-ip54-800lm-4000k-240v-melns-emos\/","title":{"rendered":"LED Floodlight with motion sensor EMOS Hobby 10W 800lm 4000K IP54"},"content":{"rendered":"<p>Led pro\u017eektors ar ieb\u016bv\u0113tu sensoru no ra\u017eot\u0101ja Emos.<\/p>\n","protected":false},"excerpt":{"rendered":"<p>Led pro\u017eektors ar ieb\u016bv\u0113tu sensoru no ra\u017eot\u0101ja Emos.<\/p>\n","protected":false},"featured_media":21156,"comment_status":"closed","ping_status":"closed","template":"","meta":{"inline_featured_image":false},"product_cat":[908],"product_tag":[],"yst_prominent_words":[],"class_list":{"0":"post-21064","1":"product","2":"type-product","3":"status-publish","4":"has-post-thumbnail","6":"product_cat-led-prozektori","8":"first","9":"outofstock","10":"taxable","11":"shipping-taxable","12":"purchasable","13":"product-type-simple"},"jetpack_sharing_enabled":true,"_links":{"self":[{"href":"https:\/\/ddt.lv\/en\/wp-json\/wp\/v2\/product\/21064"}],"collection":[{"href":"https:\/\/ddt.lv\/en\/wp-json\/wp\/v2\/product"}],"about":[{"href":"https:\/\/ddt.lv\/en\/wp-json\/wp\/v2\/types\/product"}],"replies":[{"embeddable":true,"href":"https:\/\/ddt.lv\/en\/wp-json\/wp\/v2\/comments?post=21064"}],"wp:featuredmedia":[{"embeddable":true,"href":"https:\/\/ddt.lv\/en\/wp-json\/wp\/v2\/media\/21156"}],"wp:attachment":[{"href":"https:\/\/ddt.lv\/en\/wp-json\/wp\/v2\/media?parent=21064"}],"wp:term":[{"taxonomy":"product_cat","embeddable":true,"href":"https:\/\/ddt.lv\/en\/wp-json\/wp\/v2\/product_cat?post=21064"},{"taxonomy":"product_tag","embeddable":true,"href":"https:\/\/ddt.lv\/en\/wp-json\/wp\/v2\/product_tag?post=21064"},{"taxonomy":"yst_prominent_words","embeddable":true,"href":"https:\/\/ddt.lv\/en\/wp-json\/wp\/v2\/yst_prominent_words?post=21064"}],"curies":[{"name":"wp","href":"https:\/\/api.w.org\/{rel}","templated":true}]}}