{"id":20805,"date":"2020-01-21T08:21:55","date_gmt":"2020-01-21T06:21:55","guid":{"rendered":"https:\/\/ddt.lv\/lv\/product\/so-led-sylproof-12w-240v-4000k-1058lm-ip65-662x92x99-syl\/"},"modified":"2026-04-08T14:35:42","modified_gmt":"2026-04-08T11:35:42","slug":"so-led-sylproof-12w-240v-4000k-1058lm-ip65-662x92x99-syl","status":"publish","type":"product","link":"https:\/\/ddt.lv\/en\/product\/so-led-sylproof-12w-240v-4000k-1058lm-ip65-662x92x99-syl\/","title":{"rendered":"LED luminaire Sylproof Superia 12W 4000K 1058lm IP65 662x92x99"},"content":{"rendered":"<p>Sylvania m\u0101ksl\u012bgais apgaismojums ir veidots, izmantojot vair\u0101k nek\u0101 gadsimta pieredzi lampu un gaismek\u013cu jom\u0101, un ir vado\u0161ais pat\u0113r\u0113t\u0101ja, profesion\u0101la un arhitekt\u016bras apgaismojuma risin\u0101jumu pieg\u0101d\u0101t\u0101js. Sylvania ne tikai projekt\u0113, izgatavo un uzst\u0101da apgaismes risin\u0101jumus, bet ar\u012b virza tehnolo\u0123iju robe\u017eas un cen\u0161\u0101s ieviest jaunin\u0101jumus vis\u0101, ko dara.<\/p>\n","protected":false},"excerpt":{"rendered":"<p>Sylvania m\u0101ksl\u012bgais apgaismojums ir veidots, izmantojot vair\u0101k nek\u0101 gadsimta pieredzi lampu un gaismek\u013cu jom\u0101, un ir vado\u0161ais pat\u0113r\u0113t\u0101ja, profesion\u0101la un arhitekt\u016bras apgaismojuma risin\u0101jumu pieg\u0101d\u0101t\u0101js. Sylvania ne tikai projekt\u0113, izgatavo un uzst\u0101da apgaismes risin\u0101jumus, bet ar\u012b virza tehnolo\u0123iju robe\u017eas un cen\u0161\u0101s ieviest jaunin\u0101jumus vis\u0101, ko dara.<\/p>\n","protected":false},"featured_media":20824,"comment_status":"closed","ping_status":"closed","template":"","meta":{"inline_featured_image":false},"product_cat":[903],"product_tag":[],"yst_prominent_words":[],"class_list":{"0":"post-20805","1":"product","2":"type-product","3":"status-publish","4":"has-post-thumbnail","6":"product_cat-led-lineara-tipa-gaismekli","8":"first","9":"instock","10":"taxable","11":"shipping-taxable","12":"purchasable","13":"product-type-simple"},"jetpack_sharing_enabled":true,"_links":{"self":[{"href":"https:\/\/ddt.lv\/en\/wp-json\/wp\/v2\/product\/20805"}],"collection":[{"href":"https:\/\/ddt.lv\/en\/wp-json\/wp\/v2\/product"}],"about":[{"href":"https:\/\/ddt.lv\/en\/wp-json\/wp\/v2\/types\/product"}],"replies":[{"embeddable":true,"href":"https:\/\/ddt.lv\/en\/wp-json\/wp\/v2\/comments?post=20805"}],"wp:featuredmedia":[{"embeddable":true,"href":"https:\/\/ddt.lv\/en\/wp-json\/wp\/v2\/media\/20824"}],"wp:attachment":[{"href":"https:\/\/ddt.lv\/en\/wp-json\/wp\/v2\/media?parent=20805"}],"wp:term":[{"taxonomy":"product_cat","embeddable":true,"href":"https:\/\/ddt.lv\/en\/wp-json\/wp\/v2\/product_cat?post=20805"},{"taxonomy":"product_tag","embeddable":true,"href":"https:\/\/ddt.lv\/en\/wp-json\/wp\/v2\/product_tag?post=20805"},{"taxonomy":"yst_prominent_words","embeddable":true,"href":"https:\/\/ddt.lv\/en\/wp-json\/wp\/v2\/yst_prominent_words?post=20805"}],"curies":[{"name":"wp","href":"https:\/\/api.w.org\/{rel}","templated":true}]}}