{"id":20748,"date":"2020-01-16T15:03:20","date_gmt":"2020-01-16T13:03:20","guid":{"rendered":"https:\/\/ddt.lv\/lv\/product\/dumu-detektors-sienas-85db-baterija-2xaa\/"},"modified":"2026-04-13T09:52:11","modified_gmt":"2026-04-13T06:52:11","slug":"dumu-detektors-sienas-85db-baterija-2xaa","status":"publish","type":"product","link":"https:\/\/ddt.lv\/en\/product\/dumu-detektors-sienas-85db-baterija-2xaa\/","title":{"rendered":"Smoke Alarm P56500 EMOS"},"content":{"rendered":"<p>D\u016bmu detektors ar optiski-akustisku sign\u0101lu un 10 gadu kalpo\u0161anas ilgumu un bez bateriju mai\u0146as!<\/p>\n<p>Ieb\u016bv\u0113ts bezvadu modulis vair\u0101ku sensoru savieno\u0161anai vien\u0101 sist\u0113m\u0101.<\/p>\n","protected":false},"excerpt":{"rendered":"<p>D\u016bmu detektors ar optiski-akustisku sign\u0101lu un 10 gadu kalpo\u0161anas ilgumu un bez bateriju mai\u0146as! Ieb\u016bv\u0113ts bezvadu modulis vair\u0101ku sensoru savieno\u0161anai vien\u0101 sist\u0113m\u0101.<\/p>\n","protected":false},"featured_media":20754,"comment_status":"closed","ping_status":"closed","template":"","meta":{"inline_featured_image":false},"product_cat":[542],"product_tag":[],"yst_prominent_words":[],"class_list":{"0":"post-20748","1":"product","2":"type-product","3":"status-publish","4":"has-post-thumbnail","6":"product_cat-dumu-detektori","8":"first","9":"outofstock","10":"taxable","11":"shipping-taxable","12":"purchasable","13":"product-type-simple"},"jetpack_sharing_enabled":true,"_links":{"self":[{"href":"https:\/\/ddt.lv\/en\/wp-json\/wp\/v2\/product\/20748"}],"collection":[{"href":"https:\/\/ddt.lv\/en\/wp-json\/wp\/v2\/product"}],"about":[{"href":"https:\/\/ddt.lv\/en\/wp-json\/wp\/v2\/types\/product"}],"replies":[{"embeddable":true,"href":"https:\/\/ddt.lv\/en\/wp-json\/wp\/v2\/comments?post=20748"}],"wp:featuredmedia":[{"embeddable":true,"href":"https:\/\/ddt.lv\/en\/wp-json\/wp\/v2\/media\/20754"}],"wp:attachment":[{"href":"https:\/\/ddt.lv\/en\/wp-json\/wp\/v2\/media?parent=20748"}],"wp:term":[{"taxonomy":"product_cat","embeddable":true,"href":"https:\/\/ddt.lv\/en\/wp-json\/wp\/v2\/product_cat?post=20748"},{"taxonomy":"product_tag","embeddable":true,"href":"https:\/\/ddt.lv\/en\/wp-json\/wp\/v2\/product_tag?post=20748"},{"taxonomy":"yst_prominent_words","embeddable":true,"href":"https:\/\/ddt.lv\/en\/wp-json\/wp\/v2\/yst_prominent_words?post=20748"}],"curies":[{"name":"wp","href":"https:\/\/api.w.org\/{rel}","templated":true}]}}