{"id":20681,"date":"2020-01-14T14:47:30","date_gmt":"2020-01-14T12:47:30","guid":{"rendered":"https:\/\/ddt.lv\/lv\/product\/virtuves-svari-digitalie-15kg-sudraba-2xaaa-emos\/"},"modified":"2026-04-08T14:36:19","modified_gmt":"2026-04-08T11:36:19","slug":"virtuves-svari-digitalie-15kg-sudraba-2xaaa-emos","status":"publish","type":"product","link":"https:\/\/ddt.lv\/en\/product\/virtuves-svari-digitalie-15kg-sudraba-2xaaa-emos\/","title":{"rendered":"EV023 &#8211; KITCHEN SCALE SILVER EMOS"},"content":{"rendered":"<p>Digit\u0101lie virtuves svari ar TARE funkciju. L\u012bdz 15 kg. Ner\u016bs\u0113jo\u0161a virsma.<\/p>\n<p>Izb\u012bd\u0101ms \u0101\u0137is, pulkste\u0146a funkcija ar ieb\u016bv\u0113tu taimeri.<\/p>\n","protected":false},"excerpt":{"rendered":"<p>Digit\u0101lie virtuves svari ar TARE funkciju. L\u012bdz 15 kg. Ner\u016bs\u0113jo\u0161a virsma. Izb\u012bd\u0101ms \u0101\u0137is, pulkste\u0146a funkcija ar ieb\u016bv\u0113tu taimeri.<\/p>\n","protected":false},"featured_media":20691,"comment_status":"closed","ping_status":"closed","template":"","meta":{"inline_featured_image":false},"product_cat":[793],"product_tag":[],"yst_prominent_words":[],"class_list":{"0":"post-20681","1":"product","2":"type-product","3":"status-publish","4":"has-post-thumbnail","6":"product_cat-virtuves-svari","8":"first","9":"instock","10":"taxable","11":"shipping-taxable","12":"purchasable","13":"product-type-simple"},"jetpack_sharing_enabled":true,"_links":{"self":[{"href":"https:\/\/ddt.lv\/en\/wp-json\/wp\/v2\/product\/20681"}],"collection":[{"href":"https:\/\/ddt.lv\/en\/wp-json\/wp\/v2\/product"}],"about":[{"href":"https:\/\/ddt.lv\/en\/wp-json\/wp\/v2\/types\/product"}],"replies":[{"embeddable":true,"href":"https:\/\/ddt.lv\/en\/wp-json\/wp\/v2\/comments?post=20681"}],"wp:featuredmedia":[{"embeddable":true,"href":"https:\/\/ddt.lv\/en\/wp-json\/wp\/v2\/media\/20691"}],"wp:attachment":[{"href":"https:\/\/ddt.lv\/en\/wp-json\/wp\/v2\/media?parent=20681"}],"wp:term":[{"taxonomy":"product_cat","embeddable":true,"href":"https:\/\/ddt.lv\/en\/wp-json\/wp\/v2\/product_cat?post=20681"},{"taxonomy":"product_tag","embeddable":true,"href":"https:\/\/ddt.lv\/en\/wp-json\/wp\/v2\/product_tag?post=20681"},{"taxonomy":"yst_prominent_words","embeddable":true,"href":"https:\/\/ddt.lv\/en\/wp-json\/wp\/v2\/yst_prominent_words?post=20681"}],"curies":[{"name":"wp","href":"https:\/\/api.w.org\/{rel}","templated":true}]}}