{"id":20339,"date":"2020-01-02T09:39:57","date_gmt":"2020-01-02T07:39:57","guid":{"rendered":"https:\/\/ddt.lv\/lv\/product\/tosteris-oxford-20700-56-rh-russell-hobbs-nerus-terauda\/"},"modified":"2026-04-01T00:12:29","modified_gmt":"2026-03-31T21:12:29","slug":"tosteris-oxford-20700-56-rh-russell-hobbs-nerus-terauda","status":"publish","type":"product","link":"https:\/\/ddt.lv\/en\/product\/tosteris-oxford-20700-56-rh-russell-hobbs-nerus-terauda\/","title":{"rendered":"TOASTER OXFORD 2 SLICE 20700-56\/RH stainless steel Russell Hobbs"},"content":{"rendered":"<p>Tosteris Oxford no ra\u017eot\u0101ja Russell Hobbs ir apr\u012bkots ar visu nepiecie\u0161amo!<\/p>\n<p>Pla\u0161as atveres biez\u0101ku maizes izstr\u0101d\u0101jumu grauzd\u0113\u0161anai, atsald\u0113\u0161anas funkcija, iz\u0146emama drupatu tvertne un se\u0161as grauzd\u0113\u0161anas pak\u0101pes!<\/p>\n","protected":false},"excerpt":{"rendered":"<p>Tosteris Oxford no ra\u017eot\u0101ja Russell Hobbs ir apr\u012bkots ar visu nepiecie\u0161amo! Pla\u0161as atveres biez\u0101ku maizes izstr\u0101d\u0101jumu grauzd\u0113\u0161anai, atsald\u0113\u0161anas funkcija, iz\u0146emama drupatu tvertne un se\u0161as grauzd\u0113\u0161anas pak\u0101pes!<\/p>\n","protected":false},"featured_media":20352,"comment_status":"closed","ping_status":"closed","template":"","meta":{"inline_featured_image":false},"product_cat":[531],"product_tag":[],"yst_prominent_words":[],"class_list":{"0":"post-20339","1":"product","2":"type-product","3":"status-publish","4":"has-post-thumbnail","6":"product_cat-tosteri","8":"first","9":"instock","10":"taxable","11":"shipping-taxable","12":"purchasable","13":"product-type-simple"},"jetpack_sharing_enabled":true,"_links":{"self":[{"href":"https:\/\/ddt.lv\/en\/wp-json\/wp\/v2\/product\/20339"}],"collection":[{"href":"https:\/\/ddt.lv\/en\/wp-json\/wp\/v2\/product"}],"about":[{"href":"https:\/\/ddt.lv\/en\/wp-json\/wp\/v2\/types\/product"}],"replies":[{"embeddable":true,"href":"https:\/\/ddt.lv\/en\/wp-json\/wp\/v2\/comments?post=20339"}],"wp:featuredmedia":[{"embeddable":true,"href":"https:\/\/ddt.lv\/en\/wp-json\/wp\/v2\/media\/20352"}],"wp:attachment":[{"href":"https:\/\/ddt.lv\/en\/wp-json\/wp\/v2\/media?parent=20339"}],"wp:term":[{"taxonomy":"product_cat","embeddable":true,"href":"https:\/\/ddt.lv\/en\/wp-json\/wp\/v2\/product_cat?post=20339"},{"taxonomy":"product_tag","embeddable":true,"href":"https:\/\/ddt.lv\/en\/wp-json\/wp\/v2\/product_tag?post=20339"},{"taxonomy":"yst_prominent_words","embeddable":true,"href":"https:\/\/ddt.lv\/en\/wp-json\/wp\/v2\/yst_prominent_words?post=20339"}],"curies":[{"name":"wp","href":"https:\/\/api.w.org\/{rel}","templated":true}]}}