{"id":20331,"date":"2020-01-02T09:39:54","date_gmt":"2020-01-02T07:39:54","guid":{"rendered":"https:\/\/ddt.lv\/lv\/product\/sulu-spiede-desire-juiser-24740-56-rh-russell-hobbs\/"},"modified":"2026-04-08T14:32:34","modified_gmt":"2026-04-08T11:32:34","slug":"sulu-spiede-desire-juiser-24740-56-rh-russell-hobbs","status":"publish","type":"product","link":"https:\/\/ddt.lv\/en\/product\/sulu-spiede-desire-juiser-24740-56-rh-russell-hobbs\/","title":{"rendered":"DESIRE JUICER 24740-56\/RH Russell Hobbs"},"content":{"rendered":"<p>Sulasspiede &#8220;Desire&#8221; ir \u0101tr\u0101kais veids, k\u0101 dien\u0101 lietot ieteiktos 5 d\u0101rze\u0146us. T\u0101s elegantais dizains ar intens\u012bvu sarkano j\u0101\u0146ogu kr\u0101su pretstat\u0101 sp\u0113c\u012bgajai melnajai upe\u0146u kr\u0101sai lieliski ieder\u0113sies J\u016bsu virtuv\u0113.\u00a0 Sarkana aug\u013cu sula ar zemen\u0113m, aven\u0113m un mellen\u0113m vai svaigi spiesta burk\u0101nu sula &#8211; nav svar\u012bgi, ar \u0161o sulasspiedi var visu!<\/p>\n","protected":false},"excerpt":{"rendered":"<p>Sulasspiede &#8220;Desire&#8221; ir \u0101tr\u0101kais veids, k\u0101 dien\u0101 lietot ieteiktos 5 d\u0101rze\u0146us. T\u0101s elegantais dizains ar intens\u012bvu sarkano j\u0101\u0146ogu kr\u0101su pretstat\u0101 sp\u0113c\u012bgajai melnajai upe\u0146u kr\u0101sai lieliski ieder\u0113sies J\u016bsu virtuv\u0113.\u00a0 Sarkana aug\u013cu sula ar zemen\u0113m, aven\u0113m un mellen\u0113m vai svaigi spiesta burk\u0101nu sula &#8211; nav svar\u012bgi, ar \u0161o sulasspiedi var visu!<\/p>\n","protected":false},"featured_media":20393,"comment_status":"closed","ping_status":"closed","template":"","meta":{"inline_featured_image":false},"product_cat":[535],"product_tag":[],"yst_prominent_words":[],"class_list":{"0":"post-20331","1":"product","2":"type-product","3":"status-publish","4":"has-post-thumbnail","6":"product_cat-blenderimikserisulasspiedes","8":"first","9":"outofstock","10":"taxable","11":"shipping-taxable","12":"purchasable","13":"product-type-simple"},"jetpack_sharing_enabled":true,"_links":{"self":[{"href":"https:\/\/ddt.lv\/en\/wp-json\/wp\/v2\/product\/20331"}],"collection":[{"href":"https:\/\/ddt.lv\/en\/wp-json\/wp\/v2\/product"}],"about":[{"href":"https:\/\/ddt.lv\/en\/wp-json\/wp\/v2\/types\/product"}],"replies":[{"embeddable":true,"href":"https:\/\/ddt.lv\/en\/wp-json\/wp\/v2\/comments?post=20331"}],"wp:featuredmedia":[{"embeddable":true,"href":"https:\/\/ddt.lv\/en\/wp-json\/wp\/v2\/media\/20393"}],"wp:attachment":[{"href":"https:\/\/ddt.lv\/en\/wp-json\/wp\/v2\/media?parent=20331"}],"wp:term":[{"taxonomy":"product_cat","embeddable":true,"href":"https:\/\/ddt.lv\/en\/wp-json\/wp\/v2\/product_cat?post=20331"},{"taxonomy":"product_tag","embeddable":true,"href":"https:\/\/ddt.lv\/en\/wp-json\/wp\/v2\/product_tag?post=20331"},{"taxonomy":"yst_prominent_words","embeddable":true,"href":"https:\/\/ddt.lv\/en\/wp-json\/wp\/v2\/yst_prominent_words?post=20331"}],"curies":[{"name":"wp","href":"https:\/\/api.w.org\/{rel}","templated":true}]}}