{"id":20329,"date":"2020-01-02T09:39:54","date_gmt":"2020-01-02T07:39:54","guid":{"rendered":"https:\/\/ddt.lv\/lv\/product\/pro-sleekcurl-matu-taisnotajs-remington\/"},"modified":"2026-04-08T14:31:02","modified_gmt":"2026-04-08T11:31:02","slug":"pro-sleekcurl-matu-taisnotajs-remington","status":"publish","type":"product","link":"https:\/\/ddt.lv\/en\/product\/pro-sleekcurl-matu-taisnotajs-remington\/","title":{"rendered":"PRO-SLEEK&amp;CURL HAIR STRAIGHTENER REMINGTON"},"content":{"rendered":"<p>Remington PRO-Sleek &amp; Curl ir viss, kas Jums nepiecie\u0161ams, lai izveidotu perfektu matu sak\u0101rtojumu. Taisnot\u0101js uzkarst tikai 15 sekund\u0113s! Apr\u012bkots ar temperat\u016bras fiks\u0113\u0161anas funkciju, kas ne\u013cauj nejau\u0161i main\u012bties temperat\u016brai p\u0113c matu ieveido\u0161anas. \u0160is n\u0101kam\u0101s paaudzes taisnot\u0101js ir da\u013ca no Remington Pro kolekcijas.<\/p>\n","protected":false},"excerpt":{"rendered":"<p>Remington PRO-Sleek &amp; Curl ir viss, kas Jums nepiecie\u0161ams, lai izveidotu perfektu matu sak\u0101rtojumu. Taisnot\u0101js uzkarst tikai 15 sekund\u0113s! Apr\u012bkots ar temperat\u016bras fiks\u0113\u0161anas funkciju, kas ne\u013cauj nejau\u0161i main\u012bties temperat\u016brai p\u0113c matu ieveido\u0161anas. \u0160is n\u0101kam\u0101s paaudzes taisnot\u0101js ir da\u013ca no Remington Pro kolekcijas.<\/p>\n","protected":false},"featured_media":20404,"comment_status":"closed","ping_status":"closed","template":"","meta":{"inline_featured_image":false},"product_cat":[546],"product_tag":[],"yst_prominent_words":[],"class_list":{"0":"post-20329","1":"product","2":"type-product","3":"status-publish","4":"has-post-thumbnail","6":"product_cat-matu-taisnotaji","8":"first","9":"outofstock","10":"taxable","11":"shipping-taxable","12":"purchasable","13":"product-type-simple"},"jetpack_sharing_enabled":true,"_links":{"self":[{"href":"https:\/\/ddt.lv\/en\/wp-json\/wp\/v2\/product\/20329"}],"collection":[{"href":"https:\/\/ddt.lv\/en\/wp-json\/wp\/v2\/product"}],"about":[{"href":"https:\/\/ddt.lv\/en\/wp-json\/wp\/v2\/types\/product"}],"replies":[{"embeddable":true,"href":"https:\/\/ddt.lv\/en\/wp-json\/wp\/v2\/comments?post=20329"}],"wp:featuredmedia":[{"embeddable":true,"href":"https:\/\/ddt.lv\/en\/wp-json\/wp\/v2\/media\/20404"}],"wp:attachment":[{"href":"https:\/\/ddt.lv\/en\/wp-json\/wp\/v2\/media?parent=20329"}],"wp:term":[{"taxonomy":"product_cat","embeddable":true,"href":"https:\/\/ddt.lv\/en\/wp-json\/wp\/v2\/product_cat?post=20329"},{"taxonomy":"product_tag","embeddable":true,"href":"https:\/\/ddt.lv\/en\/wp-json\/wp\/v2\/product_tag?post=20329"},{"taxonomy":"yst_prominent_words","embeddable":true,"href":"https:\/\/ddt.lv\/en\/wp-json\/wp\/v2\/yst_prominent_words?post=20329"}],"curies":[{"name":"wp","href":"https:\/\/api.w.org\/{rel}","templated":true}]}}