{"id":20328,"date":"2020-01-02T09:39:54","date_gmt":"2020-01-02T07:39:54","guid":{"rendered":"https:\/\/ddt.lv\/lv\/product\/matu-zavetajs-ar-dif-2-atrumikeratin-prot-2200w-remington\/"},"modified":"2026-04-08T14:32:42","modified_gmt":"2026-04-08T11:32:42","slug":"matu-zavetajs-ar-dif-2-atrumikeratin-prot-2200w-remington","status":"publish","type":"product","link":"https:\/\/ddt.lv\/en\/product\/matu-zavetajs-ar-dif-2-atrumikeratin-prot-2200w-remington\/","title":{"rendered":"Hair dryer REMINGTON with difuser and keratin protection 2200W"},"content":{"rendered":"<p>Profesion\u0101ls motors ar 2200 W jaudu ilgsto\u0161u vienm\u0113r\u012bgu un vesel\u012bgu matu ieg\u016b\u0161anai. Kam\u0113r j\u016bs \u017e\u0101v\u0113jat matus, \u012bpa\u0161s gredzens nokl\u0101j tos ar kerat\u012bnu un mande\u013cu e\u013c\u013cu. Ilgsto\u0161a motora mai\u0146str\u0101va (AC). 3 temperat\u016bras l\u012bme\u0146i un 2 \u0101trumi. \u012asta aukst\u0101 gaisa re\u017e\u012bms. Uzga\u013ci ar 7 un 11 mm izm\u0113ru. Difuzors. No\u0146emams aizmugur\u0113jais p\u0101rsegs \u0113rtai t\u012br\u012b\u0161anai. Profesion\u0101ls kabelis 3 m garum\u0101.<\/p>\n","protected":false},"excerpt":{"rendered":"<p>Profesion\u0101ls motors ar 2200 W jaudu ilgsto\u0161u vienm\u0113r\u012bgu un vesel\u012bgu matu ieg\u016b\u0161anai. Kam\u0113r j\u016bs \u017e\u0101v\u0113jat matus, \u012bpa\u0161s gredzens nokl\u0101j tos ar kerat\u012bnu un mande\u013cu e\u013c\u013cu. Ilgsto\u0161a motora mai\u0146str\u0101va (AC). 3 temperat\u016bras l\u012bme\u0146i un 2 \u0101trumi. \u012asta aukst\u0101 gaisa re\u017e\u012bms. Uzga\u013ci ar 7 un 11 mm izm\u0113ru. Difuzors. No\u0146emams aizmugur\u0113jais p\u0101rsegs \u0113rtai t\u012br\u012b\u0161anai. Profesion\u0101ls kabelis 3 [&hellip;]<\/p>\n","protected":false},"featured_media":20406,"comment_status":"closed","ping_status":"closed","template":"","meta":{"inline_featured_image":false},"product_cat":[548],"product_tag":[],"yst_prominent_words":[],"class_list":{"0":"post-20328","1":"product","2":"type-product","3":"status-publish","4":"has-post-thumbnail","6":"product_cat-feni","8":"first","9":"outofstock","10":"taxable","11":"shipping-taxable","12":"purchasable","13":"product-type-simple"},"jetpack_sharing_enabled":true,"_links":{"self":[{"href":"https:\/\/ddt.lv\/en\/wp-json\/wp\/v2\/product\/20328"}],"collection":[{"href":"https:\/\/ddt.lv\/en\/wp-json\/wp\/v2\/product"}],"about":[{"href":"https:\/\/ddt.lv\/en\/wp-json\/wp\/v2\/types\/product"}],"replies":[{"embeddable":true,"href":"https:\/\/ddt.lv\/en\/wp-json\/wp\/v2\/comments?post=20328"}],"wp:featuredmedia":[{"embeddable":true,"href":"https:\/\/ddt.lv\/en\/wp-json\/wp\/v2\/media\/20406"}],"wp:attachment":[{"href":"https:\/\/ddt.lv\/en\/wp-json\/wp\/v2\/media?parent=20328"}],"wp:term":[{"taxonomy":"product_cat","embeddable":true,"href":"https:\/\/ddt.lv\/en\/wp-json\/wp\/v2\/product_cat?post=20328"},{"taxonomy":"product_tag","embeddable":true,"href":"https:\/\/ddt.lv\/en\/wp-json\/wp\/v2\/product_tag?post=20328"},{"taxonomy":"yst_prominent_words","embeddable":true,"href":"https:\/\/ddt.lv\/en\/wp-json\/wp\/v2\/yst_prominent_words?post=20328"}],"curies":[{"name":"wp","href":"https:\/\/api.w.org\/{rel}","templated":true}]}}