{"id":20075,"date":"2019-12-12T09:52:15","date_gmt":"2019-12-12T07:52:15","guid":{"rendered":"https:\/\/ddt.lv\/lv\/product\/sporta-aproce-viedtalrunim-8led-zala-platinet\/"},"modified":"2026-04-06T10:56:35","modified_gmt":"2026-04-06T07:56:35","slug":"sporta-aproce-viedtalrunim-8led-zala-platinet","status":"publish","type":"product","link":"https:\/\/ddt.lv\/en\/product\/sporta-aproce-viedtalrunim-8led-zala-platinet\/","title":{"rendered":"Sports Armband for Smartphone 8LED PLATINET"},"content":{"rendered":"<p>Platinet ir starptautisks un strauji augo\u0161s uz\u0146\u0113mums elektronikas, datu nes\u0113ju, bezvadu tehnolo\u0123iju, mobilo ier\u012b\u010du un datoru piederumu jom\u0101. Paz\u012bstams k\u0101 uzticams, augstas kvalit\u0101tes elektronikas ra\u017eot\u0101js un izplat\u012bt\u0101js ar vado\u0161o poz\u012bciju liel\u0101ko Polijas eksport\u0113t\u0101ju vid\u016b.<\/p>\n","protected":false},"excerpt":{"rendered":"<p>Platinet ir starptautisks un strauji augo\u0161s uz\u0146\u0113mums elektronikas, datu nes\u0113ju, bezvadu tehnolo\u0123iju, mobilo ier\u012b\u010du un datoru piederumu jom\u0101. Paz\u012bstams k\u0101 uzticams, augstas kvalit\u0101tes elektronikas ra\u017eot\u0101js un izplat\u012bt\u0101js ar vado\u0161o poz\u012bciju liel\u0101ko Polijas eksport\u0113t\u0101ju vid\u016b.<\/p>\n","protected":false},"featured_media":20081,"comment_status":"closed","ping_status":"closed","template":"","meta":{"inline_featured_image":false},"product_cat":[762],"product_tag":[],"yst_prominent_words":[],"class_list":{"0":"post-20075","1":"product","2":"type-product","3":"status-publish","4":"has-post-thumbnail","6":"product_cat-mobilo-telefonu-aksesuari","8":"first","9":"instock","10":"taxable","11":"shipping-taxable","12":"purchasable","13":"product-type-simple"},"jetpack_sharing_enabled":true,"_links":{"self":[{"href":"https:\/\/ddt.lv\/en\/wp-json\/wp\/v2\/product\/20075"}],"collection":[{"href":"https:\/\/ddt.lv\/en\/wp-json\/wp\/v2\/product"}],"about":[{"href":"https:\/\/ddt.lv\/en\/wp-json\/wp\/v2\/types\/product"}],"replies":[{"embeddable":true,"href":"https:\/\/ddt.lv\/en\/wp-json\/wp\/v2\/comments?post=20075"}],"wp:featuredmedia":[{"embeddable":true,"href":"https:\/\/ddt.lv\/en\/wp-json\/wp\/v2\/media\/20081"}],"wp:attachment":[{"href":"https:\/\/ddt.lv\/en\/wp-json\/wp\/v2\/media?parent=20075"}],"wp:term":[{"taxonomy":"product_cat","embeddable":true,"href":"https:\/\/ddt.lv\/en\/wp-json\/wp\/v2\/product_cat?post=20075"},{"taxonomy":"product_tag","embeddable":true,"href":"https:\/\/ddt.lv\/en\/wp-json\/wp\/v2\/product_tag?post=20075"},{"taxonomy":"yst_prominent_words","embeddable":true,"href":"https:\/\/ddt.lv\/en\/wp-json\/wp\/v2\/yst_prominent_words?post=20075"}],"curies":[{"name":"wp","href":"https:\/\/api.w.org\/{rel}","templated":true}]}}