{"id":19968,"date":"2019-12-10T14:55:58","date_gmt":"2019-12-10T12:55:58","guid":{"rendered":"https:\/\/ddt.lv\/lv\/product\/led-pygmy-e14-1-6w-230v-115lm-4100k-spuldze-58x27mm-emos\/"},"modified":"2026-04-01T00:16:58","modified_gmt":"2026-03-31T21:16:58","slug":"led-pygmy-e14-1-6w-230v-115lm-4100k-spuldze-58x27mm-emos","status":"publish","type":"product","link":"https:\/\/ddt.lv\/en\/product\/led-pygmy-e14-1-6w-230v-115lm-4100k-spuldze-58x27mm-emos\/","title":{"rendered":"LED bulb EMOS Pygmy (for fridges, sewing machines) E14 1.6W 230V 115lm 4100K"},"content":{"rendered":"<p>Emos ir viens no vado\u0161ajiem Eiropas LED gaismas avotu ra\u017eot\u0101jiem. \u0160o ra\u017eot\u0101ju raksturo gadiem ilgi kr\u0101t\u0101 pieredze un inovat\u012bvi risin\u0101jumi m\u0101ksl\u012bg\u0101 apgaismojuma ra\u017eo\u0161an\u0101. Emos spuld\u017eu galven\u0101s iez\u012bmes: augsta gaismas atdeve un ilgs kalpo\u0161anas m\u016b\u017es!<\/p>\n","protected":false},"excerpt":{"rendered":"<p>Emos ir viens no vado\u0161ajiem Eiropas LED gaismas avotu ra\u017eot\u0101jiem. \u0160o ra\u017eot\u0101ju raksturo gadiem ilgi kr\u0101t\u0101 pieredze un inovat\u012bvi risin\u0101jumi m\u0101ksl\u012bg\u0101 apgaismojuma ra\u017eo\u0161an\u0101. Emos spuld\u017eu galven\u0101s iez\u012bmes: augsta gaismas atdeve un ilgs kalpo\u0161anas m\u016b\u017es!<\/p>\n","protected":false},"featured_media":20006,"comment_status":"closed","ping_status":"closed","template":"","meta":{"inline_featured_image":false},"product_cat":[851],"product_tag":[],"yst_prominent_words":[],"class_list":{"0":"post-19968","1":"product","2":"type-product","3":"status-publish","4":"has-post-thumbnail","6":"product_cat-e14-spuldzes","8":"first","9":"instock","10":"taxable","11":"shipping-taxable","12":"purchasable","13":"product-type-simple"},"jetpack_sharing_enabled":true,"_links":{"self":[{"href":"https:\/\/ddt.lv\/en\/wp-json\/wp\/v2\/product\/19968"}],"collection":[{"href":"https:\/\/ddt.lv\/en\/wp-json\/wp\/v2\/product"}],"about":[{"href":"https:\/\/ddt.lv\/en\/wp-json\/wp\/v2\/types\/product"}],"replies":[{"embeddable":true,"href":"https:\/\/ddt.lv\/en\/wp-json\/wp\/v2\/comments?post=19968"}],"wp:featuredmedia":[{"embeddable":true,"href":"https:\/\/ddt.lv\/en\/wp-json\/wp\/v2\/media\/20006"}],"wp:attachment":[{"href":"https:\/\/ddt.lv\/en\/wp-json\/wp\/v2\/media?parent=19968"}],"wp:term":[{"taxonomy":"product_cat","embeddable":true,"href":"https:\/\/ddt.lv\/en\/wp-json\/wp\/v2\/product_cat?post=19968"},{"taxonomy":"product_tag","embeddable":true,"href":"https:\/\/ddt.lv\/en\/wp-json\/wp\/v2\/product_tag?post=19968"},{"taxonomy":"yst_prominent_words","embeddable":true,"href":"https:\/\/ddt.lv\/en\/wp-json\/wp\/v2\/yst_prominent_words?post=19968"}],"curies":[{"name":"wp","href":"https:\/\/api.w.org\/{rel}","templated":true}]}}