{"id":19744,"date":"2019-12-06T09:31:06","date_gmt":"2019-12-06T07:31:06","guid":{"rendered":"https:\/\/ddt.lv\/lv\/product\/pagarin-zales-plav-10m-2x1mm2-b-z-oranzs-emos\/"},"modified":"2026-04-08T14:36:11","modified_gmt":"2026-04-08T11:36:11","slug":"pagarin-zales-plav-10m-2x1mm2-b-z-oranzs-emos","status":"publish","type":"product","link":"https:\/\/ddt.lv\/en\/product\/pagarin-zales-plav-10m-2x1mm2-b-z-oranzs-emos\/","title":{"rendered":"Extension Cord \u2013 10m, orange EMOS"},"content":{"rendered":"<p><\/p>\n<p>A single-socket extension cord without grounding is the perfect product for those who need a long range for their electrical devices. It will certainly work in the garden, during renovations, and even at the construction site.<\/p>\n<p>The extension cord has a clearly visible orange color, which ensures safety during work. It is 10 meters long, so it can handle long-distance power supply for gardening and construction work.<\/p>\n<p>Atvainojiet, inform\u0101cija tiek papildin\u0101ta. Ja rodas jaut\u0101jumi par k\u0101du no produktiem, dro\u0161i, sazinieties ar mums!<\/p>\n<p>A single-socket extension cord without grounding is the perfect product for those who need a long range for their electrical devices. It will certainly work in the garden, during renovations, and even at the construction site.<\/p>\n<p>The extension cord has a clearly visible orange color, which ensures safety during work. It is 10 meters long, so it can handle long-distance power supply for gardening and construction work.<\/p>\n<p>Atvainojiet, inform\u0101cija tiek papildin\u0101ta. Ja rodas jaut\u0101jumi par k\u0101du no produktiem, dro\u0161i, sazinieties ar mums!<\/p>\n<p>A single-socket extension cord without grounding is the perfect product for those who need a long range for their electrical devices. It will certainly work in the garden, during renovations, and even at the construction site.<\/p>\n<p>The extension cord has a clearly visible orange color, which ensures safety during work. It is 10 meters long, so it can handle long-distance power supply for gardening and construction work.<\/p>\n<p><\/p>\n<p>A single-socket extension cord without grounding is the perfect product for those who need a long range for their electrical devices. It will certainly work in the garden, during renovations, and even at the construction site.<\/p>\n<p>The extension cord has a clearly visible orange color, which ensures safety during work. It is 10 meters long, so it can handle long-distance power supply for gardening and construction work.<\/p>\n<p>Atvainojiet, inform\u0101cija tiek papildin\u0101ta. Ja rodas jaut\u0101jumi par k\u0101du no produktiem, dro\u0161i, sazinieties ar mums!<\/p>\n<p>A single-socket extension cord without grounding is the perfect product for those who need a long range for their electrical devices. It will certainly work in the garden, during renovations, and even at the construction site.<\/p>\n<p>The extension cord has a clearly visible orange color, which ensures safety during work. It is 10 meters long, so it can handle long-distance power supply for gardening and construction work.<\/p>\n<p>Atvainojiet, inform\u0101cija tiek papildin\u0101ta. Ja rodas jaut\u0101jumi par k\u0101du no produktiem, dro\u0161i, sazinieties ar mums!<\/p>\n<p>A single-socket extension cord without grounding is the perfect product for those who need a long range for their electrical devices. It will certainly work in the garden, during renovations, and even at the construction site.<\/p>\n<p>The extension cord has a clearly visible orange color, which ensures safety during work. It is 10 meters long, so it can handle long-distance power supply for gardening and construction work.<\/p>\n<p><\/p>","protected":false},"excerpt":{"rendered":"<p>A single-socket extension cord without grounding is the perfect product for those who need a long range for their electrical devices. It will certainly work in the garden, during renovations, and even at the construction site. The extension cord has a clearly visible orange color, which ensures safety during work. It is 10 meters long, [&hellip;]<\/p>\n","protected":false},"featured_media":19886,"comment_status":"closed","ping_status":"closed","template":"","meta":{"inline_featured_image":false},"product_cat":[746],"product_tag":[],"yst_prominent_words":[],"class_list":{"0":"post-19744","1":"product","2":"type-product","3":"status-publish","4":"has-post-thumbnail","6":"product_cat-pagarinataji-pagarinataji-un-sadalitaji","8":"first","9":"outofstock","10":"taxable","11":"shipping-taxable","12":"purchasable","13":"product-type-simple"},"jetpack_sharing_enabled":true,"_links":{"self":[{"href":"https:\/\/ddt.lv\/en\/wp-json\/wp\/v2\/product\/19744"}],"collection":[{"href":"https:\/\/ddt.lv\/en\/wp-json\/wp\/v2\/product"}],"about":[{"href":"https:\/\/ddt.lv\/en\/wp-json\/wp\/v2\/types\/product"}],"replies":[{"embeddable":true,"href":"https:\/\/ddt.lv\/en\/wp-json\/wp\/v2\/comments?post=19744"}],"wp:featuredmedia":[{"embeddable":true,"href":"https:\/\/ddt.lv\/en\/wp-json\/wp\/v2\/media\/19886"}],"wp:attachment":[{"href":"https:\/\/ddt.lv\/en\/wp-json\/wp\/v2\/media?parent=19744"}],"wp:term":[{"taxonomy":"product_cat","embeddable":true,"href":"https:\/\/ddt.lv\/en\/wp-json\/wp\/v2\/product_cat?post=19744"},{"taxonomy":"product_tag","embeddable":true,"href":"https:\/\/ddt.lv\/en\/wp-json\/wp\/v2\/product_tag?post=19744"},{"taxonomy":"yst_prominent_words","embeddable":true,"href":"https:\/\/ddt.lv\/en\/wp-json\/wp\/v2\/yst_prominent_words?post=19744"}],"curies":[{"name":"wp","href":"https:\/\/api.w.org\/{rel}","templated":true}]}}