{"id":19509,"date":"2019-11-28T16:16:20","date_gmt":"2019-11-28T14:16:20","guid":{"rendered":"https:\/\/ddt.lv\/lv\/product\/virt-z-sv-100led-1-2w-roza-nano-stiepletaim-ip20-2-4m3xaa\/"},"modified":"2026-04-13T09:55:55","modified_gmt":"2026-04-13T06:55:55","slug":"virt-z-sv-100led-1-2w-roza-nano-stiepletaim-ip20-2-4m3xaa","status":"publish","type":"product","link":"https:\/\/ddt.lv\/en\/product\/virt-z-sv-100led-1-2w-roza-nano-stiepletaim-ip20-2-4m3xaa\/","title":{"rendered":"LED Christmas lights &#8211; 100LED NANO WIRE PINK 2.4M Timer (3xAA)"},"content":{"rendered":"<p>Atvainojiet, inform\u0101cija tiek papildin\u0101ta. Ja rodas jaut\u0101jumi par k\u0101du no produktiem, dro\u0161i, sazinieties ar mums!<\/p>\n","protected":false},"excerpt":{"rendered":"<p>Atvainojiet, inform\u0101cija tiek papildin\u0101ta. Ja rodas jaut\u0101jumi par k\u0101du no produktiem, dro\u0161i, sazinieties ar mums!<\/p>\n","protected":false},"featured_media":19560,"comment_status":"closed","ping_status":"closed","template":"","meta":{"inline_featured_image":false},"product_cat":[772,911],"product_tag":[],"yst_prominent_words":[],"class_list":{"0":"post-19509","1":"product","2":"type-product","3":"status-publish","4":"has-post-thumbnail","6":"product_cat-atlaides","7":"product_cat-iekstelpu-virtenes","9":"first","10":"outofstock","11":"sale","12":"taxable","13":"shipping-taxable","14":"purchasable","15":"product-type-simple"},"jetpack_sharing_enabled":true,"_links":{"self":[{"href":"https:\/\/ddt.lv\/en\/wp-json\/wp\/v2\/product\/19509"}],"collection":[{"href":"https:\/\/ddt.lv\/en\/wp-json\/wp\/v2\/product"}],"about":[{"href":"https:\/\/ddt.lv\/en\/wp-json\/wp\/v2\/types\/product"}],"replies":[{"embeddable":true,"href":"https:\/\/ddt.lv\/en\/wp-json\/wp\/v2\/comments?post=19509"}],"wp:featuredmedia":[{"embeddable":true,"href":"https:\/\/ddt.lv\/en\/wp-json\/wp\/v2\/media\/19560"}],"wp:attachment":[{"href":"https:\/\/ddt.lv\/en\/wp-json\/wp\/v2\/media?parent=19509"}],"wp:term":[{"taxonomy":"product_cat","embeddable":true,"href":"https:\/\/ddt.lv\/en\/wp-json\/wp\/v2\/product_cat?post=19509"},{"taxonomy":"product_tag","embeddable":true,"href":"https:\/\/ddt.lv\/en\/wp-json\/wp\/v2\/product_tag?post=19509"},{"taxonomy":"yst_prominent_words","embeddable":true,"href":"https:\/\/ddt.lv\/en\/wp-json\/wp\/v2\/yst_prominent_words?post=19509"}],"curies":[{"name":"wp","href":"https:\/\/api.w.org\/{rel}","templated":true}]}}