{"id":19010,"date":"2019-11-25T12:04:04","date_gmt":"2019-11-25T10:04:04","guid":{"rendered":"https:\/\/ddt.lv\/product\/led-tube-5w-120-s14d-240v-450lm-4000k-300mm-avide-spuldze\/"},"modified":"2026-04-01T00:11:34","modified_gmt":"2026-03-31T21:11:34","slug":"led-tube-5w-120-s14d-240v-450lm-4000k-300mm-avide-spuldze","status":"publish","type":"product","link":"https:\/\/ddt.lv\/en\/product\/led-tube-5w-120-s14d-240v-450lm-4000k-300mm-avide-spuldze\/","title":{"rendered":"LED Tube Avide S14d 5W 120&#8242; 240V 450lm 4000K 300mm"},"content":{"rendered":"<p>Avide spuldzes ir apvelt\u012btas ar jaun\u0101k\u0101s paaudzes LED tehnolo\u0123iju, padarot produktu \u00a0ergonomisku un ar ilg\u0101ku kalpo\u0161anas m\u016b\u017eu.<\/p>\n","protected":false},"excerpt":{"rendered":"<p>Avide spuldzes ir apvelt\u012btas ar jaun\u0101k\u0101s paaudzes LED tehnolo\u0123iju, padarot produktu \u00a0ergonomisku un ar ilg\u0101ku kalpo\u0161anas m\u016b\u017eu.<\/p>\n","protected":false},"featured_media":19055,"comment_status":"closed","ping_status":"closed","template":"","meta":{"inline_featured_image":false},"product_cat":[855],"product_tag":[],"yst_prominent_words":[],"class_list":{"0":"post-19010","1":"product","2":"type-product","3":"status-publish","4":"has-post-thumbnail","6":"product_cat-s14-spuldzes","8":"first","9":"instock","10":"taxable","11":"shipping-taxable","12":"purchasable","13":"product-type-simple"},"jetpack_sharing_enabled":true,"_links":{"self":[{"href":"https:\/\/ddt.lv\/en\/wp-json\/wp\/v2\/product\/19010"}],"collection":[{"href":"https:\/\/ddt.lv\/en\/wp-json\/wp\/v2\/product"}],"about":[{"href":"https:\/\/ddt.lv\/en\/wp-json\/wp\/v2\/types\/product"}],"replies":[{"embeddable":true,"href":"https:\/\/ddt.lv\/en\/wp-json\/wp\/v2\/comments?post=19010"}],"wp:featuredmedia":[{"embeddable":true,"href":"https:\/\/ddt.lv\/en\/wp-json\/wp\/v2\/media\/19055"}],"wp:attachment":[{"href":"https:\/\/ddt.lv\/en\/wp-json\/wp\/v2\/media?parent=19010"}],"wp:term":[{"taxonomy":"product_cat","embeddable":true,"href":"https:\/\/ddt.lv\/en\/wp-json\/wp\/v2\/product_cat?post=19010"},{"taxonomy":"product_tag","embeddable":true,"href":"https:\/\/ddt.lv\/en\/wp-json\/wp\/v2\/product_tag?post=19010"},{"taxonomy":"yst_prominent_words","embeddable":true,"href":"https:\/\/ddt.lv\/en\/wp-json\/wp\/v2\/yst_prominent_words?post=19010"}],"curies":[{"name":"wp","href":"https:\/\/api.w.org\/{rel}","templated":true}]}}