{"id":19003,"date":"2019-11-25T11:52:23","date_gmt":"2019-11-25T09:52:23","guid":{"rendered":"https:\/\/ddt.lv\/product\/led-e14-t37-7w-620lm-3000k-avide-spuldze\/"},"modified":"2026-04-13T09:55:33","modified_gmt":"2026-04-13T06:55:33","slug":"led-e14-t37-7w-620lm-3000k-avide-spuldze","status":"publish","type":"product","link":"https:\/\/ddt.lv\/en\/product\/led-e14-t37-7w-620lm-3000k-avide-spuldze\/","title":{"rendered":"LED bulb Avide T37 E14 7W 620lm 3000K"},"content":{"rendered":"<p>Avide spuldzes ir apvelt\u012btas ar jaun\u0101k\u0101s paaudzes LED tehnolo\u0123iju, padarot produktu \u00a0ergonomisku un ar ilg\u0101ku kalpo\u0161anas m\u016b\u017eu.<\/p>\n","protected":false},"excerpt":{"rendered":"<p>Avide spuldzes ir apvelt\u012btas ar jaun\u0101k\u0101s paaudzes LED tehnolo\u0123iju, padarot produktu \u00a0ergonomisku un ar ilg\u0101ku kalpo\u0161anas m\u016b\u017eu.<\/p>\n","protected":false},"featured_media":19020,"comment_status":"closed","ping_status":"closed","template":"","meta":{"inline_featured_image":false},"product_cat":[851],"product_tag":[],"yst_prominent_words":[],"class_list":{"0":"post-19003","1":"product","2":"type-product","3":"status-publish","4":"has-post-thumbnail","6":"product_cat-e14-spuldzes","8":"first","9":"outofstock","10":"taxable","11":"shipping-taxable","12":"purchasable","13":"product-type-simple"},"jetpack_sharing_enabled":true,"_links":{"self":[{"href":"https:\/\/ddt.lv\/en\/wp-json\/wp\/v2\/product\/19003"}],"collection":[{"href":"https:\/\/ddt.lv\/en\/wp-json\/wp\/v2\/product"}],"about":[{"href":"https:\/\/ddt.lv\/en\/wp-json\/wp\/v2\/types\/product"}],"replies":[{"embeddable":true,"href":"https:\/\/ddt.lv\/en\/wp-json\/wp\/v2\/comments?post=19003"}],"wp:featuredmedia":[{"embeddable":true,"href":"https:\/\/ddt.lv\/en\/wp-json\/wp\/v2\/media\/19020"}],"wp:attachment":[{"href":"https:\/\/ddt.lv\/en\/wp-json\/wp\/v2\/media?parent=19003"}],"wp:term":[{"taxonomy":"product_cat","embeddable":true,"href":"https:\/\/ddt.lv\/en\/wp-json\/wp\/v2\/product_cat?post=19003"},{"taxonomy":"product_tag","embeddable":true,"href":"https:\/\/ddt.lv\/en\/wp-json\/wp\/v2\/product_tag?post=19003"},{"taxonomy":"yst_prominent_words","embeddable":true,"href":"https:\/\/ddt.lv\/en\/wp-json\/wp\/v2\/yst_prominent_words?post=19003"}],"curies":[{"name":"wp","href":"https:\/\/api.w.org\/{rel}","templated":true}]}}