{"id":17771,"date":"2019-11-15T10:31:40","date_gmt":"2019-11-15T08:31:40","guid":{"rendered":"https:\/\/ddt.lv\/product\/lukturis-uzlad-1w1w-cob-led-80lm-solar-usb-melns-entac-10\/"},"modified":"2026-04-06T10:55:44","modified_gmt":"2026-04-06T07:55:44","slug":"lukturis-uzlad-1w1w-cob-led-80lm-solar-usb-melns-entac-10","status":"publish","type":"product","link":"https:\/\/ddt.lv\/en\/product\/lukturis-uzlad-1w1w-cob-led-80lm-solar-usb-melns-entac-10\/","title":{"rendered":"Entac Worklight 1W Rechargeable Solar"},"content":{"rendered":"<p>Entac lukturi ir kvalitat\u012bvi un paroc\u012bgi. Ar kvalitat\u012bviem produktiem un to konkur\u0113tsp\u0113j\u012bgo cenu Entac ir viens no l\u012bderiem lukturu ra\u017eo\u0161an\u0101 person\u012bg\u0101m un profesion\u0101l\u0101m nepiecie\u0161am\u012bb\u0101m!<\/p>\n","protected":false},"excerpt":{"rendered":"<p>Entac lukturi ir kvalitat\u012bvi un paroc\u012bgi. Ar kvalitat\u012bviem produktiem un to konkur\u0113tsp\u0113j\u012bgo cenu Entac ir viens no l\u012bderiem lukturu ra\u017eo\u0161an\u0101 person\u012bg\u0101m un profesion\u0101l\u0101m nepiecie\u0161am\u012bb\u0101m!<\/p>\n","protected":false},"featured_media":17812,"comment_status":"closed","ping_status":"closed","template":"","meta":{"inline_featured_image":false},"product_cat":[729],"product_tag":[],"yst_prominent_words":[],"class_list":{"0":"post-17771","1":"product","2":"type-product","3":"status-publish","4":"has-post-thumbnail","6":"product_cat-laternas","8":"first","9":"outofstock","10":"taxable","11":"shipping-taxable","12":"purchasable","13":"product-type-simple"},"jetpack_sharing_enabled":true,"_links":{"self":[{"href":"https:\/\/ddt.lv\/en\/wp-json\/wp\/v2\/product\/17771"}],"collection":[{"href":"https:\/\/ddt.lv\/en\/wp-json\/wp\/v2\/product"}],"about":[{"href":"https:\/\/ddt.lv\/en\/wp-json\/wp\/v2\/types\/product"}],"replies":[{"embeddable":true,"href":"https:\/\/ddt.lv\/en\/wp-json\/wp\/v2\/comments?post=17771"}],"wp:featuredmedia":[{"embeddable":true,"href":"https:\/\/ddt.lv\/en\/wp-json\/wp\/v2\/media\/17812"}],"wp:attachment":[{"href":"https:\/\/ddt.lv\/en\/wp-json\/wp\/v2\/media?parent=17771"}],"wp:term":[{"taxonomy":"product_cat","embeddable":true,"href":"https:\/\/ddt.lv\/en\/wp-json\/wp\/v2\/product_cat?post=17771"},{"taxonomy":"product_tag","embeddable":true,"href":"https:\/\/ddt.lv\/en\/wp-json\/wp\/v2\/product_tag?post=17771"},{"taxonomy":"yst_prominent_words","embeddable":true,"href":"https:\/\/ddt.lv\/en\/wp-json\/wp\/v2\/yst_prominent_words?post=17771"}],"curies":[{"name":"wp","href":"https:\/\/api.w.org\/{rel}","templated":true}]}}