{"id":17526,"date":"2019-11-14T12:09:28","date_gmt":"2019-11-14T10:09:28","guid":{"rendered":"https:\/\/ddt.lv\/product\/lukturis-e1-3xaaa1x3w-cree-led-200lm-73h-250m-7\/"},"modified":"2026-04-01T00:06:55","modified_gmt":"2026-03-31T21:06:55","slug":"lukturis-e1-3xaaa1x3w-cree-led-200lm-73h-250m-7","status":"publish","type":"product","link":"https:\/\/ddt.lv\/en\/product\/lukturis-e1-3xaaa1x3w-cree-led-200lm-73h-250m-7\/","title":{"rendered":"LED flashlight E1 3XAAA,1X3W Cree 200lm\/73h\/250m"},"content":{"rendered":"<p>Jauda, \u200b\u200bveiktsp\u0113ja un uzticam\u012bba ir tas, kam ir paredz\u0113ti visi Light2 kabatas luktur\u012b\u0161i. Ja j\u016bs mekl\u0113jat lukturi, kas ir \u016bdensnecaurlaid\u012bgs, putek\u013cu, triecieniztur\u012bgs, viegls, kompakts, sp\u0113c\u012bgs, vienk\u0101r\u0161s vai uzlabots; Light-2 ir piem\u0113rots vis\u0101m j\u016bsu profesion\u0101laj\u0101m vai person\u012bgaj\u0101m vajadz\u012bb\u0101m. Prec\u012bzas in\u017eenierijas luktur\u012b\u0161i, kas izgatavoti tikai no augst\u0101k\u0101s kvalit\u0101tes komponentiem un atbilsto\u0161i \u013coti stingriem standartiem. \u0160is kl\u0101sts pied\u0101v\u0101 vislab\u0101ko kvalit\u0101tes un cenas attiec\u012bbu. Light-2 s\u0113rijas lukturus izv\u0113las dro\u0161\u012bbas iest\u0101des, mednieki un citi profesion\u0101\u013ci vis\u0101 pasaul\u0113!<\/p>\n","protected":false},"excerpt":{"rendered":"<p>Jauda, \u200b\u200bveiktsp\u0113ja un uzticam\u012bba ir tas, kam ir paredz\u0113ti visi Light2 kabatas luktur\u012b\u0161i. Ja j\u016bs mekl\u0113jat lukturi, kas ir \u016bdensnecaurlaid\u012bgs, putek\u013cu, triecieniztur\u012bgs, viegls, kompakts, sp\u0113c\u012bgs, vienk\u0101r\u0161s vai uzlabots; Light-2 ir piem\u0113rots vis\u0101m j\u016bsu profesion\u0101laj\u0101m vai person\u012bgaj\u0101m vajadz\u012bb\u0101m. Prec\u012bzas in\u017eenierijas luktur\u012b\u0161i, kas izgatavoti tikai no augst\u0101k\u0101s kvalit\u0101tes komponentiem un atbilsto\u0161i \u013coti stingriem standartiem. \u0160is kl\u0101sts pied\u0101v\u0101 [&hellip;]<\/p>\n","protected":false},"featured_media":19301,"comment_status":"closed","ping_status":"closed","template":"","meta":{"inline_featured_image":false},"product_cat":[726],"product_tag":[],"yst_prominent_words":[],"class_list":{"0":"post-17526","1":"product","2":"type-product","3":"status-publish","4":"has-post-thumbnail","6":"product_cat-kabatas","8":"first","9":"outofstock","10":"taxable","11":"shipping-taxable","12":"purchasable","13":"product-type-simple"},"jetpack_sharing_enabled":true,"_links":{"self":[{"href":"https:\/\/ddt.lv\/en\/wp-json\/wp\/v2\/product\/17526"}],"collection":[{"href":"https:\/\/ddt.lv\/en\/wp-json\/wp\/v2\/product"}],"about":[{"href":"https:\/\/ddt.lv\/en\/wp-json\/wp\/v2\/types\/product"}],"replies":[{"embeddable":true,"href":"https:\/\/ddt.lv\/en\/wp-json\/wp\/v2\/comments?post=17526"}],"wp:featuredmedia":[{"embeddable":true,"href":"https:\/\/ddt.lv\/en\/wp-json\/wp\/v2\/media\/19301"}],"wp:attachment":[{"href":"https:\/\/ddt.lv\/en\/wp-json\/wp\/v2\/media?parent=17526"}],"wp:term":[{"taxonomy":"product_cat","embeddable":true,"href":"https:\/\/ddt.lv\/en\/wp-json\/wp\/v2\/product_cat?post=17526"},{"taxonomy":"product_tag","embeddable":true,"href":"https:\/\/ddt.lv\/en\/wp-json\/wp\/v2\/product_tag?post=17526"},{"taxonomy":"yst_prominent_words","embeddable":true,"href":"https:\/\/ddt.lv\/en\/wp-json\/wp\/v2\/yst_prominent_words?post=17526"}],"curies":[{"name":"wp","href":"https:\/\/api.w.org\/{rel}","templated":true}]}}