{"id":14458,"date":"2019-11-07T12:44:35","date_gmt":"2019-11-07T10:44:35","guid":{"rendered":"https:\/\/ddt.lv\/product\/4922-1-9v-baterija-high-energy-spo-alkaline-varta\/"},"modified":"2026-04-09T13:15:34","modified_gmt":"2026-04-09T10:15:34","slug":"4922-1-9v-baterija-high-energy-spo-alkaline-varta","status":"publish","type":"product","link":"https:\/\/ddt.lv\/en\/product\/4922-1-9v-baterija-high-energy-spo-alkaline-varta\/","title":{"rendered":"4922\/1 9V battery VARTA Longlife Power Alkaline 1pc."},"content":{"rendered":"<p>High energy \u2013 Apjom\u012bga ener\u0123ijas deva ilgsto\u0161as,past\u0101v\u012bgas jaudas izsalku\u0161\u0101m ier\u012bc\u0113m, piem\u0113ram, bezvadu datorpel\u0113m, rota\u013cliet\u0101m, kabatas lukturiem.<\/p>\n<p>&nbsp;<\/p>\n<p>\u0112rts iepakojums, no kura baterijas iesp\u0113jams iz\u0146emt pa vienai, t\u0101d\u0113j\u0101di nodro\u0161inot \u0113rtu bateriju uzglab\u0101\u0161anu l\u012bdz pat 10 gadiem.<\/p>","protected":false},"excerpt":{"rendered":"<p>High energy \u2013 Apjom\u012bga ener\u0123ijas deva ilgsto\u0161as,past\u0101v\u012bgas jaudas izsalku\u0161\u0101m ier\u012bc\u0113m, piem\u0113ram, bezvadu datorpel\u0113m, rota\u013cliet\u0101m, kabatas lukturiem. &nbsp; \u0112rts iepakojums, no kura baterijas iesp\u0113jams iz\u0146emt pa vienai, t\u0101d\u0113j\u0101di nodro\u0161inot \u0113rtu bateriju uzglab\u0101\u0161anu l\u012bdz pat 10 gadiem.<\/p>\n","protected":false},"featured_media":33983,"comment_status":"closed","ping_status":"closed","template":"","meta":{"inline_featured_image":false},"product_cat":[772,446],"product_tag":[],"yst_prominent_words":[],"class_list":{"0":"post-14458","1":"product","2":"type-product","3":"status-publish","4":"has-post-thumbnail","6":"product_cat-atlaides","7":"product_cat-9v","9":"first","10":"instock","11":"sale","12":"taxable","13":"shipping-taxable","14":"purchasable","15":"product-type-simple"},"jetpack_sharing_enabled":true,"_links":{"self":[{"href":"https:\/\/ddt.lv\/en\/wp-json\/wp\/v2\/product\/14458"}],"collection":[{"href":"https:\/\/ddt.lv\/en\/wp-json\/wp\/v2\/product"}],"about":[{"href":"https:\/\/ddt.lv\/en\/wp-json\/wp\/v2\/types\/product"}],"replies":[{"embeddable":true,"href":"https:\/\/ddt.lv\/en\/wp-json\/wp\/v2\/comments?post=14458"}],"wp:featuredmedia":[{"embeddable":true,"href":"https:\/\/ddt.lv\/en\/wp-json\/wp\/v2\/media\/33983"}],"wp:attachment":[{"href":"https:\/\/ddt.lv\/en\/wp-json\/wp\/v2\/media?parent=14458"}],"wp:term":[{"taxonomy":"product_cat","embeddable":true,"href":"https:\/\/ddt.lv\/en\/wp-json\/wp\/v2\/product_cat?post=14458"},{"taxonomy":"product_tag","embeddable":true,"href":"https:\/\/ddt.lv\/en\/wp-json\/wp\/v2\/product_tag?post=14458"},{"taxonomy":"yst_prominent_words","embeddable":true,"href":"https:\/\/ddt.lv\/en\/wp-json\/wp\/v2\/yst_prominent_words?post=14458"}],"curies":[{"name":"wp","href":"https:\/\/api.w.org\/{rel}","templated":true}]}}