{"id":117997,"date":"2026-05-11T17:05:30","date_gmt":"2026-05-11T14:05:30","guid":{"rendered":"https:\/\/ddt.lv\/lv\/product\/117997\/"},"modified":"2026-05-11T17:22:51","modified_gmt":"2026-05-11T14:22:51","slug":"117997","status":"publish","type":"product","link":"https:\/\/ddt.lv\/en\/product\/latviesu-bernu-udens-pudele-ar-salminu-nerthus-450ml-unicorns\/","title":{"rendered":"(Latvie\u0161u) B\u0113rnu \u016bdens pudele ar salmi\u0146u Nerthus 450ml Unicorns"},"content":{"rendered":"<p class=\"qtranxs-available-languages-message qtranxs-available-languages-message-en\">Sorry, this entry is only available in <a href=\"https:\/\/ddt.lv\/lv\/wp-json\/wp\/v2\/product\/117997\" class=\"qtranxs-available-language-link qtranxs-available-language-link-lv\" title=\"Latvie\u0161u\">Latvie\u0161u<\/a>.<\/p>","protected":false},"excerpt":{"rendered":"<p>Sorry, this entry is only available in Latvie\u0161u.<\/p>\n","protected":false},"featured_media":118005,"comment_status":"closed","ping_status":"closed","template":"","meta":{"inline_featured_image":false},"product_cat":[1684,1679],"product_tag":[],"yst_prominent_words":[],"class_list":{"0":"post-117997","1":"product","2":"type-product","3":"status-publish","4":"has-post-thumbnail","6":"product_cat-dzerieniem","7":"product_cat-virtuves-piederumi","9":"first","10":"instock","11":"taxable","12":"shipping-taxable","13":"purchasable","14":"product-type-simple"},"jetpack_sharing_enabled":true,"_links":{"self":[{"href":"https:\/\/ddt.lv\/en\/wp-json\/wp\/v2\/product\/117997"}],"collection":[{"href":"https:\/\/ddt.lv\/en\/wp-json\/wp\/v2\/product"}],"about":[{"href":"https:\/\/ddt.lv\/en\/wp-json\/wp\/v2\/types\/product"}],"replies":[{"embeddable":true,"href":"https:\/\/ddt.lv\/en\/wp-json\/wp\/v2\/comments?post=117997"}],"wp:featuredmedia":[{"embeddable":true,"href":"https:\/\/ddt.lv\/en\/wp-json\/wp\/v2\/media\/118005"}],"wp:attachment":[{"href":"https:\/\/ddt.lv\/en\/wp-json\/wp\/v2\/media?parent=117997"}],"wp:term":[{"taxonomy":"product_cat","embeddable":true,"href":"https:\/\/ddt.lv\/en\/wp-json\/wp\/v2\/product_cat?post=117997"},{"taxonomy":"product_tag","embeddable":true,"href":"https:\/\/ddt.lv\/en\/wp-json\/wp\/v2\/product_tag?post=117997"},{"taxonomy":"yst_prominent_words","embeddable":true,"href":"https:\/\/ddt.lv\/en\/wp-json\/wp\/v2\/yst_prominent_words?post=117997"}],"curies":[{"name":"wp","href":"https:\/\/api.w.org\/{rel}","templated":true}]}}