{"id":107481,"date":"2026-03-25T00:15:36","date_gmt":"2026-03-24T22:15:36","guid":{"rendered":"https:\/\/ddt.lv\/lv\/product\/majas-bezvadu-meteorologiska-stacija-e8614-emos\/"},"modified":"2026-04-13T11:50:34","modified_gmt":"2026-04-13T08:50:34","slug":"majas-bezvadu-meteorologiska-stacija-e8614-emos","status":"publish","type":"product","link":"https:\/\/ddt.lv\/en\/product\/home-wireless-weather-station-e8614-emos\/","title":{"rendered":"Home Wireless Weather Station E8614 EMOS"},"content":{"rendered":"<p><\/p>\n<h3 data-section-id=\"139zm5f\" data-start=\"1785\" data-end=\"1806\">Galven\u0101s \u012bpa\u0161\u012bbas<\/h3>\n<p data-start=\"1808\" data-end=\"2162\">\u2022 Iek\u0161telpu un \u0101ra temperat\u016bras un mitruma m\u0113r\u012b\u0161ana<br data-start=\"1859\" data-end=\"1862\" \/>\u2022 3 \u0101r\u0113jie sensori komplekt\u0101<br data-start=\"1890\" data-end=\"1893\" \/>\u2022 Kr\u0101su displejs ar apgaismojumu<br data-start=\"1925\" data-end=\"1928\" \/>\u2022 Laikapst\u0101k\u013cu prognoze un spiediena tendence<br data-start=\"1973\" data-end=\"1976\" \/>\u2022 Salnas br\u012bdin\u0101jums<br data-start=\"1996\" data-end=\"1999\" \/>\u2022 DCF pulkstenis un 2 modin\u0101t\u0101ji<br data-start=\"2031\" data-end=\"2034\" \/>\u2022 USB-A uzl\u0101des ports<br data-start=\"2055\" data-end=\"2058\" \/>\u2022 Min.\/maks. v\u0113rt\u012bbu atmi\u0146a<br data-start=\"2085\" data-end=\"2088\" \/>\u2022 Uzst\u0101d\u012b\u0161ana uz galda vai pie sienas<br data-start=\"2125\" data-end=\"2128\" \/>\u2022 Adaptera vai bateriju baro\u0161ana<\/p>\n<p><\/p>","protected":false},"excerpt":{"rendered":"<p>Galven\u0101s \u012bpa\u0161\u012bbas \u2022 Iek\u0161telpu un \u0101ra temperat\u016bras un mitruma m\u0113r\u012b\u0161ana\u2022 3 \u0101r\u0113jie sensori komplekt\u0101\u2022 Kr\u0101su displejs ar apgaismojumu\u2022 Laikapst\u0101k\u013cu prognoze un spiediena tendence\u2022 Salnas br\u012bdin\u0101jums\u2022 DCF pulkstenis un 2 modin\u0101t\u0101ji\u2022 USB-A uzl\u0101des ports\u2022 Min.\/maks. v\u0113rt\u012bbu atmi\u0146a\u2022 Uzst\u0101d\u012b\u0161ana uz galda vai pie sienas\u2022 Adaptera vai bateriju baro\u0161ana<\/p>\n","protected":false},"featured_media":108045,"comment_status":"closed","ping_status":"closed","template":"","meta":{"inline_featured_image":false},"product_cat":[772,541],"product_tag":[],"yst_prominent_words":[],"class_list":{"0":"post-107481","1":"product","2":"type-product","3":"status-publish","4":"has-post-thumbnail","6":"product_cat-atlaides","7":"product_cat-termometri-meteostacijas","9":"first","10":"instock","11":"sale","12":"taxable","13":"shipping-taxable","14":"purchasable","15":"product-type-simple"},"jetpack_sharing_enabled":true,"_links":{"self":[{"href":"https:\/\/ddt.lv\/en\/wp-json\/wp\/v2\/product\/107481"}],"collection":[{"href":"https:\/\/ddt.lv\/en\/wp-json\/wp\/v2\/product"}],"about":[{"href":"https:\/\/ddt.lv\/en\/wp-json\/wp\/v2\/types\/product"}],"replies":[{"embeddable":true,"href":"https:\/\/ddt.lv\/en\/wp-json\/wp\/v2\/comments?post=107481"}],"wp:featuredmedia":[{"embeddable":true,"href":"https:\/\/ddt.lv\/en\/wp-json\/wp\/v2\/media\/108045"}],"wp:attachment":[{"href":"https:\/\/ddt.lv\/en\/wp-json\/wp\/v2\/media?parent=107481"}],"wp:term":[{"taxonomy":"product_cat","embeddable":true,"href":"https:\/\/ddt.lv\/en\/wp-json\/wp\/v2\/product_cat?post=107481"},{"taxonomy":"product_tag","embeddable":true,"href":"https:\/\/ddt.lv\/en\/wp-json\/wp\/v2\/product_tag?post=107481"},{"taxonomy":"yst_prominent_words","embeddable":true,"href":"https:\/\/ddt.lv\/en\/wp-json\/wp\/v2\/yst_prominent_words?post=107481"}],"curies":[{"name":"wp","href":"https:\/\/api.w.org\/{rel}","templated":true}]}}