{"id":107480,"date":"2026-03-25T00:15:36","date_gmt":"2026-03-24T22:15:36","guid":{"rendered":"https:\/\/ddt.lv\/lv\/product\/majas-bezvadu-meteorologiska-stacija-e8625-emos\/"},"modified":"2026-04-13T11:50:35","modified_gmt":"2026-04-13T08:50:35","slug":"majas-bezvadu-meteorologiska-stacija-e8625-emos","status":"publish","type":"product","link":"https:\/\/ddt.lv\/en\/product\/home-wireless-weather-station-e8625-emos\/","title":{"rendered":"Home Wireless Weather Station E8625 EMOS"},"content":{"rendered":"<p><\/p>\n<h3 data-section-id=\"139zm5f\" data-start=\"1973\" data-end=\"1994\">Galven\u0101s \u012bpa\u0161\u012bbas<\/h3>\n<p data-start=\"1996\" data-end=\"2343\">\u2022 2 lieli LCD displeji ar apgaismojumu<br data-start=\"2034\" data-end=\"2037\" \/>\u2022 Comfort View tehnolo\u0123ija<br data-start=\"2063\" data-end=\"2066\" \/>\u2022 Iek\u0161telpu un \u0101ra temperat\u016bra un mitrums<br data-start=\"2107\" data-end=\"2110\" \/>\u2022 Laika prognoze un barometrs<br data-start=\"2139\" data-end=\"2142\" \/>\u2022 M\u0113ness f\u0101zes (12 f\u0101zes)<br data-start=\"2167\" data-end=\"2170\" \/>\u2022 DCF pulkstenis un modin\u0101t\u0101js<br data-start=\"2200\" data-end=\"2203\" \/>\u2022 Atbalsts l\u012bdz 3 sensoriem<br data-start=\"2230\" data-end=\"2233\" \/>\u2022 Bezvadu darb\u012bbas att\u0101lums l\u012bdz 80 m<br data-start=\"2270\" data-end=\"2273\" \/>\u2022 Uzst\u0101d\u012b\u0161ana uz galda vai sienas<br data-start=\"2306\" data-end=\"2309\" \/>\u2022 Adaptera vai bateriju baro\u0161ana<\/p>\n<p><\/p>","protected":false},"excerpt":{"rendered":"<p>Galven\u0101s \u012bpa\u0161\u012bbas \u2022 2 lieli LCD displeji ar apgaismojumu\u2022 Comfort View tehnolo\u0123ija\u2022 Iek\u0161telpu un \u0101ra temperat\u016bra un mitrums\u2022 Laika prognoze un barometrs\u2022 M\u0113ness f\u0101zes (12 f\u0101zes)\u2022 DCF pulkstenis un modin\u0101t\u0101js\u2022 Atbalsts l\u012bdz 3 sensoriem\u2022 Bezvadu darb\u012bbas att\u0101lums l\u012bdz 80 m\u2022 Uzst\u0101d\u012b\u0161ana uz galda vai sienas\u2022 Adaptera vai bateriju baro\u0161ana<\/p>\n","protected":false},"featured_media":108035,"comment_status":"closed","ping_status":"closed","template":"","meta":{"inline_featured_image":false},"product_cat":[772,541],"product_tag":[],"yst_prominent_words":[],"class_list":{"0":"post-107480","1":"product","2":"type-product","3":"status-publish","4":"has-post-thumbnail","6":"product_cat-atlaides","7":"product_cat-termometri-meteostacijas","9":"first","10":"instock","11":"sale","12":"taxable","13":"shipping-taxable","14":"purchasable","15":"product-type-simple"},"jetpack_sharing_enabled":true,"_links":{"self":[{"href":"https:\/\/ddt.lv\/en\/wp-json\/wp\/v2\/product\/107480"}],"collection":[{"href":"https:\/\/ddt.lv\/en\/wp-json\/wp\/v2\/product"}],"about":[{"href":"https:\/\/ddt.lv\/en\/wp-json\/wp\/v2\/types\/product"}],"replies":[{"embeddable":true,"href":"https:\/\/ddt.lv\/en\/wp-json\/wp\/v2\/comments?post=107480"}],"wp:featuredmedia":[{"embeddable":true,"href":"https:\/\/ddt.lv\/en\/wp-json\/wp\/v2\/media\/108035"}],"wp:attachment":[{"href":"https:\/\/ddt.lv\/en\/wp-json\/wp\/v2\/media?parent=107480"}],"wp:term":[{"taxonomy":"product_cat","embeddable":true,"href":"https:\/\/ddt.lv\/en\/wp-json\/wp\/v2\/product_cat?post=107480"},{"taxonomy":"product_tag","embeddable":true,"href":"https:\/\/ddt.lv\/en\/wp-json\/wp\/v2\/product_tag?post=107480"},{"taxonomy":"yst_prominent_words","embeddable":true,"href":"https:\/\/ddt.lv\/en\/wp-json\/wp\/v2\/yst_prominent_words?post=107480"}],"curies":[{"name":"wp","href":"https:\/\/api.w.org\/{rel}","templated":true}]}}